{"id":156,"date":"2018-01-12T15:15:24","date_gmt":"2018-01-12T20:15:24","guid":{"rendered":"http:\/\/www.therevivedapostolicmission.org\/wpsite\/?page_id=156"},"modified":"2020-05-31T00:14:54","modified_gmt":"2020-05-31T04:14:54","slug":"home","status":"publish","type":"page","link":"http:\/\/www.therevivedapostolicmission.org\/wpsite\/","title":{"rendered":"Home"},"content":{"rendered":"\n\t\t<h5><a href=\"#\" target=\"_self\" rel=\"noopener noreferrer\"> OUR MOTO<\/a><\/h5>\t\t\n\t\t\t<h5><strong>Reaching the Nations<\/strong><br \/><strong>Rescuing Souls<\/strong><br \/><strong>Reviving Lives<\/strong><\/h5>\n\t\t<h5><a href=\"#\" target=\"_self\" rel=\"noopener noreferrer\">ENVIRONMENT<\/a><\/h5>\t\t\n\t\t\t<h5><strong>A Multicultural environment where people of all races and gender are welcomed and loved.<\/strong><\/h5>\n\t\t<h5><a href=\"#\" target=\"_self\" rel=\"noopener noreferrer\">OUR BELIEF<\/a><\/h5>\t\t\n\t\t\t<h5><b>We believe\u00a0in God the father, his Son Jesus Christ, the holy spirit and salvation through Jesus Christ and his death on the cross.<\/b><\/h5>\n\t<h3><em>The Journey<\/em><\/h3>\n<p>We have come a long way and by the special grace of God we have experienced growth. There is still a lot to be done in the vine yard of our lord and savior Jesus Christ.<\/p>\n<p><strong>Come One, Come All. JESUS LOVES YOU. Come let&#8217;s fellowship together.\u00a0<\/strong><\/p>\n<p>Love is patient, love is kind. It does not envy, it does not dishonor others, it is not self-seeking, it is not easily angered, it keeps no record of wrongs. Love does not delight in evil but rejoices with the truth. It always protects, always trusts, always hopes, always perseveres. <strong><em>1Corinthians 13 : 4 &#8211; 7<\/em><\/strong><\/p>\n\t<iframe width=\"560\" height=\"315\" src=\"https:\/\/www.youtube.com\/embed\/PK-MuiYF9uE\" frameborder=\"0\" allow=\"accelerometer; autoplay; encrypted-media; gyroscope; picture-in-picture\" allowfullscreen><\/iframe>\n\t<strong>Sunday Morning Sermons<\/strong> \n\t\t\t<div class=\"yotu-playlist yotuwp yotu-limit-min yotu-limit-max   yotu-thumb-169  yotu-template-list\" data-yotu=\"modal\" data-page=\"1\" id=\"yotuwp-69f27248d46f9\" data-total=\"1\" data-settings=\"eyJ0eXBlIjoicGxheWxpc3QiLCJpZCI6IlBMdm53WUdfYm9oQ3hYcXZwTXNsRVRkN0luRmRra3VvTVgiLCJwYWdpbmF0aW9uIjoib24iLCJwYWdpdHlwZSI6ImxvYWRtb3JlIiwiY29sdW1uIjoiMSIsInBlcl9wYWdlIjoiMTIiLCJ0ZW1wbGF0ZSI6Imxpc3QiLCJ0aXRsZSI6Im9uIiwiZGVzY3JpcHRpb24iOiJvbiIsInRodW1icmF0aW8iOiIxNjkiLCJtZXRhIjoib2ZmIiwibWV0YV9kYXRhIjoib2ZmIiwibWV0YV9wb3NpdGlvbiI6Im9mZiIsImRhdGVfZm9ybWF0Ijoib2ZmIiwibWV0YV9hbGlnbiI6Im9mZiIsInN1YnNjcmliZSI6Im9mZiIsImR1cmF0aW9uIjoib2ZmIiwibWV0YV9pY29uIjoib2ZmIiwibmV4dHRleHQiOiIiLCJwcmV2dGV4dCI6IiIsImxvYWRtb3JldGV4dCI6IiIsInBsYXllciI6eyJtb2RlIjoicG9wdXAiLCJ3aWR0aCI6IjYwMCIsInNjcm9sbGluZyI6IjEwMCIsImF1dG9wbGF5IjowLCJjb250cm9scyI6MSwibW9kZXN0YnJhbmRpbmciOjEsImxvb3AiOjAsImF1dG9uZXh0IjoxLCJzaG93aW5mbyI6MSwicmVsIjowLCJwbGF5aW5nIjowLCJwbGF5aW5nX2Rlc2NyaXB0aW9uIjowLCJ0aHVtYm5haWxzIjowLCJjY19sb2FkX3BvbGljeSI6IjEiLCJjY19sYW5nX3ByZWYiOiIxIiwiaGwiOiIiLCJpdl9sb2FkX3BvbGljeSI6IjEifSwibGFzdF90YWIiOiJhcGkiLCJ1c2VfYXNfbW9kYWwiOiJvZmYiLCJtb2RhbF9pZCI6Im9mZiIsImxhc3RfdXBkYXRlIjoiMTU3NzY3NzkxMiIsInN0eWxpbmciOnsicGFnZXJfbGF5b3V0IjoiZGVmYXVsdCIsImJ1dHRvbiI6IjEiLCJidXR0b25fY29sb3IiOiIiLCJidXR0b25fYmdfY29sb3IiOiIiLCJidXR0b25fY29sb3JfaG92ZXIiOiIiLCJidXR0b25fYmdfY29sb3JfaG92ZXIiOiIiLCJ2aWRlb19zdHlsZSI6IiIsInBsYXlpY29uX2NvbG9yIjoiIiwiaG92ZXJfaWNvbiI6IiIsImdhbGxlcnlfYmciOiIifSwiZWZmZWN0cyI6eyJ2aWRlb19ib3giOiJ5dGVmLWZsb2F0IiwiZmxpcF9lZmZlY3QiOiIifSwiZ2FsbGVyeV9pZCI6IjY5ZjI3MjQ4ZDQ2ZjkiLCJuZXh0IjoiIiwicHJldiI6IiJ9\" data-player=\"popup\" data-showdesc=\"on\">\n\t\t\t\t<div>\n\t\t\t\t\t<div class=\"yotu-videos yotu-mode-list yotu-column-1 yotu-player-mode-popup\">\n\t<ul>\n\t\t\t\t\t<li class=\" yotu-first\">\n\t\t\t\t\t\t\t\t<a href=\"#lfKv4Hzq7yk\" class=\"yotu-video ytef-float\" data-videoid=\"lfKv4Hzq7yk\" data-title=\"Private video\">\n\t\t\t\t\t<div class=\"yotu-video-thumb-wrp\">\n\t\t\t\t\t\t<div>\n\t\t\t\t\t\t\t\t\t\t\t\t\t\t<img class=\"yotu-video-thumb\" src=\"\" alt=\"Private video\"\/>\n\t\t\t\t\t\t\t\t\t\t\t\t\t<\/div>\n\t\t\t\t\t<\/div>\n\t\t\t\t\t\t\t\t\t\t\t<h3 class=\"yotu-video-title\">Private video<\/h3>\n\t\t\t\t\t\t\t\t\t\t\t\t\t\t\t\t\t\t\t\t\t<div class=\"yotu-video-description\">This video is private.<\/div>\n\t\t\t\t\t\t\t\t\t<\/a>\n\t\t\t\t\t\t\t<\/li>\n\t\t\t\t\n\t\t\t\t\t\t<li class=\"\">\n\t\t\t\t\t\t\t\t<a href=\"#Hbr2SR9-dKc\" class=\"yotu-video ytef-float\" data-videoid=\"Hbr2SR9-dKc\" data-title=\"Private video\">\n\t\t\t\t\t<div class=\"yotu-video-thumb-wrp\">\n\t\t\t\t\t\t<div>\n\t\t\t\t\t\t\t\t\t\t\t\t\t\t<img class=\"yotu-video-thumb\" src=\"\" alt=\"Private video\"\/>\n\t\t\t\t\t\t\t\t\t\t\t\t\t<\/div>\n\t\t\t\t\t<\/div>\n\t\t\t\t\t\t\t\t\t\t\t<h3 class=\"yotu-video-title\">Private video<\/h3>\n\t\t\t\t\t\t\t\t\t\t\t\t\t\t\t\t\t\t\t\t\t<div class=\"yotu-video-description\">This video is private.<\/div>\n\t\t\t\t\t\t\t\t\t<\/a>\n\t\t\t\t\t\t\t<\/li>\n\t\t\t\t\n\t\t\t\t\t\t<li class=\"\">\n\t\t\t\t\t\t\t\t<a href=\"#PRnf_lJU12w\" class=\"yotu-video ytef-float\" data-videoid=\"PRnf_lJU12w\" data-title=\"Private video\">\n\t\t\t\t\t<div class=\"yotu-video-thumb-wrp\">\n\t\t\t\t\t\t<div>\n\t\t\t\t\t\t\t\t\t\t\t\t\t\t<img class=\"yotu-video-thumb\" src=\"\" alt=\"Private video\"\/>\n\t\t\t\t\t\t\t\t\t\t\t\t\t<\/div>\n\t\t\t\t\t<\/div>\n\t\t\t\t\t\t\t\t\t\t\t<h3 class=\"yotu-video-title\">Private video<\/h3>\n\t\t\t\t\t\t\t\t\t\t\t\t\t\t\t\t\t\t\t\t\t<div class=\"yotu-video-description\">This video is private.<\/div>\n\t\t\t\t\t\t\t\t\t<\/a>\n\t\t\t\t\t\t\t<\/li>\n\t\t\t\t\n\t\t\t\t\t\t<li class=\"\">\n\t\t\t\t\t\t\t\t<a href=\"#F8ObVmGCrCw\" class=\"yotu-video ytef-float\" data-videoid=\"F8ObVmGCrCw\" data-title=\"Private video\">\n\t\t\t\t\t<div class=\"yotu-video-thumb-wrp\">\n\t\t\t\t\t\t<div>\n\t\t\t\t\t\t\t\t\t\t\t\t\t\t<img class=\"yotu-video-thumb\" src=\"\" alt=\"Private video\"\/>\n\t\t\t\t\t\t\t\t\t\t\t\t\t<\/div>\n\t\t\t\t\t<\/div>\n\t\t\t\t\t\t\t\t\t\t\t<h3 class=\"yotu-video-title\">Private video<\/h3>\n\t\t\t\t\t\t\t\t\t\t\t\t\t\t\t\t\t\t\t\t\t<div class=\"yotu-video-description\">This video is private.<\/div>\n\t\t\t\t\t\t\t\t\t<\/a>\n\t\t\t\t\t\t\t<\/li>\n\t\t\t\t\n\t\t\t\t\t\t<li class=\"\">\n\t\t\t\t\t\t\t\t<a href=\"#tc64OdUjj08\" class=\"yotu-video ytef-float\" data-videoid=\"tc64OdUjj08\" data-title=\"Private video\">\n\t\t\t\t\t<div class=\"yotu-video-thumb-wrp\">\n\t\t\t\t\t\t<div>\n\t\t\t\t\t\t\t\t\t\t\t\t\t\t<img class=\"yotu-video-thumb\" src=\"\" alt=\"Private video\"\/>\n\t\t\t\t\t\t\t\t\t\t\t\t\t<\/div>\n\t\t\t\t\t<\/div>\n\t\t\t\t\t\t\t\t\t\t\t<h3 class=\"yotu-video-title\">Private video<\/h3>\n\t\t\t\t\t\t\t\t\t\t\t\t\t\t\t\t\t\t\t\t\t<div class=\"yotu-video-description\">This video is private.<\/div>\n\t\t\t\t\t\t\t\t\t<\/a>\n\t\t\t\t\t\t\t<\/li>\n\t\t\t\t\n\t\t\t\t\t\t<li class=\"\">\n\t\t\t\t\t\t\t\t<a href=\"#-tcbu40q8us\" class=\"yotu-video ytef-float\" data-videoid=\"-tcbu40q8us\" data-title=\"Private video\">\n\t\t\t\t\t<div class=\"yotu-video-thumb-wrp\">\n\t\t\t\t\t\t<div>\n\t\t\t\t\t\t\t\t\t\t\t\t\t\t<img class=\"yotu-video-thumb\" src=\"\" alt=\"Private video\"\/>\n\t\t\t\t\t\t\t\t\t\t\t\t\t<\/div>\n\t\t\t\t\t<\/div>\n\t\t\t\t\t\t\t\t\t\t\t<h3 class=\"yotu-video-title\">Private video<\/h3>\n\t\t\t\t\t\t\t\t\t\t\t\t\t\t\t\t\t\t\t\t\t<div class=\"yotu-video-description\">This video is private.<\/div>\n\t\t\t\t\t\t\t\t\t<\/a>\n\t\t\t\t\t\t\t<\/li>\n\t\t\t\t\n\t\t\t\t\t\t<li class=\"\">\n\t\t\t\t\t\t\t\t<a href=\"#ZBF1iDl_uvI\" class=\"yotu-video ytef-float\" data-videoid=\"ZBF1iDl_uvI\" data-title=\"Dena Mwana - Elombe\/Pasola lola\/Jericho (Medley Lingala)\">\n\t\t\t\t\t<div class=\"yotu-video-thumb-wrp\">\n\t\t\t\t\t\t<div>\n\t\t\t\t\t\t\t\t\t\t\t\t\t\t<img class=\"yotu-video-thumb\" src=\"https:\/\/i.ytimg.com\/vi\/ZBF1iDl_uvI\/sddefault.jpg\" alt=\"Dena Mwana - Elombe\/Pasola lola\/Jericho (Medley Lingala)\"\/>\n\t\t\t\t\t\t\t\t\t\t\t\t\t<\/div>\n\t\t\t\t\t<\/div>\n\t\t\t\t\t\t\t\t\t\t\t<h3 class=\"yotu-video-title\">Dena Mwana - Elombe\/Pasola lola\/Jericho (Medley Lingala)<\/h3>\n\t\t\t\t\t\t\t\t\t\t\t\t\t\t\t\t\t\t\t\t\t<div class=\"yotu-video-description\">http:\/\/bit.ly\/denamwanamonene<br \/>\nElombe\/Pasola lola\/Jericho est le 14e titre de l\u2019album MONENE. C\u2019est une compilation encha\u00een\u00e9e de 3 chansons : ELOMBE compos\u00e9e par le Pasteur Patou Elenga, de PASOLA LOLA puis JERICHO qui sont des chansons populaires, connues et chant\u00e9es dans les Eglises en RDC et dans la diaspora congolaise. La musique est produite par le fr\u00e8re Erick-Ralph Kionga et la vid\u00e9o a \u00e9t\u00e9 realis\u00e9 par Patrick Schilo Olondo pour Real Art Studio \u00e0 Kinshasa. L\u2019enregistrement et le tournage ont eu lieu au m\u00eame moment, le m\u00eame jour en live au studio N\u2019Diaye \u00e0 Kinshasa RDC.<\/div>\n\t\t\t\t\t\t\t\t\t<\/a>\n\t\t\t\t\t\t\t<\/li>\n\t\t\t\t\n\t\t\t\t\t\t<li class=\"\">\n\t\t\t\t\t\t\t\t<a href=\"#sLN8u4tNElM\" class=\"yotu-video ytef-float\" data-videoid=\"sLN8u4tNElM\" data-title=\"Timothy Reddick - You Can Build Your Home On My Worship\">\n\t\t\t\t\t<div class=\"yotu-video-thumb-wrp\">\n\t\t\t\t\t\t<div>\n\t\t\t\t\t\t\t\t\t\t\t\t\t\t<img class=\"yotu-video-thumb\" src=\"https:\/\/i.ytimg.com\/vi\/sLN8u4tNElM\/sddefault.jpg\" alt=\"Timothy Reddick - You Can Build Your Home On My Worship\"\/>\n\t\t\t\t\t\t\t\t\t\t\t\t\t<\/div>\n\t\t\t\t\t<\/div>\n\t\t\t\t\t\t\t\t\t\t\t<h3 class=\"yotu-video-title\">Timothy Reddick - You Can Build Your Home On My Worship<\/h3>\n\t\t\t\t\t\t\t\t\t\t\t\t\t\t\t\t\t\t\t\t\t<div class=\"yotu-video-description\">Timothy Reddick was a guest artiste at the LIS S6. <br \/>\n<br \/>\n#TimothyReddick<br \/>\n#YouCanBuildYourHomeOnMyWorship<\/div>\n\t\t\t\t\t\t\t\t\t<\/a>\n\t\t\t\t\t\t\t<\/li>\n\t\t\t\t\n\t\t\t\t<\/ul>\n<\/div><div class=\"yotu-pagination yotu-hide\">\n\t<a href=\"#\" class=\"yotu-pagination-more yotu-button-prs yotu-button-prs-1\" data-page=\"more\">Load more<\/a>\n<\/div>\n\t\t\t\t<\/div>\n\t\t\t<\/div>\n\t\t\t\n\t<p>Click <a href=\"https:\/\/www.youtube.com\/channel\/UCYpyOtAlz68iOd0IpxXz8Sg?view_as=subscriber\" target=\"_blank\" rel=\"noopener noreferrer\">HERE<\/a> for more videos<\/p>\n\t<p><em><strong>\u00a0 \u00a0 \u00a0 \u00a0&#8230;.. Our Program &#8230;..\u00a0 \u00a0 <a href=\"http:\/\/www.therevivedapostolicmission.org\/wpsite\/wp-content\/uploads\/2019\/12\/crossover-night.jpeg\"><img loading=\"lazy\" src=\"http:\/\/www.therevivedapostolicmission.org\/wpsite\/wp-content\/uploads\/2019\/12\/crossover-night-300x214.jpeg\" alt=\"\" width=\"320\" height=\"228\" \/><\/a><\/strong><\/em><\/p>\n<p><strong>Sunday Service starts @: 9 am<\/strong><\/p>\n<p><strong>Thursday Prayers @: 7:30 pm<\/strong><\/p>\n<p>&nbsp;<\/p>\n<p><em><strong>\u00a0 \u00a0 \u00a0 \u00a0&#8230;.. Morning Prayers &#8230;..<\/strong><\/em><\/p>\n<p><em>Mondays to Fridays<\/em><\/p>\n<p><em>Time: 5 am to 6 am<\/em><\/p>\n<p><em>Dial: 563-999-1022 \/ Code: 358618#\u00a0\u00a0<\/em><\/p>\n\t\t\t\t<img loading=\"lazy\" src=\"http:\/\/www.therevivedapostolicmission.org\/wpsite\/wp-content\/uploads\/2019\/12\/Country-flags.png\" alt=\"There is no border among children of God. We are one family.\" itemprop=\"image\" height=\"640\" width=\"1280\" title=\"Country flags\" onerror=\"this.style.display='none'\"  \/>\n\t\tThere is no border among children of God. We are one family.\n\t<h4>The Men<\/h4>\n<p>Equipped to be Christ-like in character and having brotherly love for each other, fellow Christians and their community. Romans 12:10 says &#8220;Be devoted to one another in brotherly love; give preference to one another in honor.&#8221; Young or old, every man is welcome to The Revived Apostolic Mission and free to be a part of brotherly love that can build a family spirit in you.<\/p>\n\t<h4>The Women<\/h4>\n<p>They are women of faith. Supportive, caring and devoted to serving God. Working together for the growth of the church and for the edification of each other. Their motherly love is seen in their actions as they reach out to everyone in whatever way they can. You are welcome to The Revived Apostolic Mission and experience a life time of fellowship in our women&#8217;s group.<\/p>\n\t<h4>The Youths<\/h4>\n<p>Dynamic young christians with the love for God. As their number keeps increasing, so too do they welcome every young person into their mist an share fun activities, pray together and ensure a faithful youthful christian life. No matter your age as a youth, you are welcome to The Revived Apostolic Mission where the youths respect each other, study the bible, and put together innovative faith building ideas.<\/p>\n\t<h4>The Kids<\/h4>\n<p>As young, fragile and innocent as they are, yet the kingdom of God belongs to such as these. Their songs, brief children&#8217;s biblical games and presentations blesses the church. As such they are in the right environment for the edification of their young minds and proper up bringing.<\/p>\n\t\t<h4>Giving is Receiving<\/h4>\n\t\t<p>At T.R.A.M we have ongoing projects such as retaining our new building, reaching out to very needy families, community support and spreading the word and love of Jesus Christ. Please be part of it.<\/p>\n\t\t\t<a href=\"\" target=\"_blank\" role=\"button\" rel=\"noopener nofollow noreferrer\">\n\t\t\t\t\t\t\t<form action=\"https:\/\/www.paypal.com\/cgi-bin\/webscr\" method=\"post\" target=\"_top\"> <input type=\"hidden\" name=\"cmd\" value=\"_s-xclick\"> <input type=\"hidden\" name=\"hosted_button_id\" value=\"SGPRJPWJ9AHUU\"> <input type=\"image\" src=\"https:\/\/www.paypalobjects.com\/en_US\/i\/btn\/btn_donateCC_LG.gif\" border=\"0\" name=\"submit\" alt=\"PayPal - The safer, easier way to pay online!\"> <img loading=\"lazy\" alt=\"\" border=\"0\" src=\"https:\/\/www.paypalobjects.com\/en_US\/i\/scr\/pixel.gif\" width=\"1\" height=\"1\"> <\/form>\n\t\t\t\t\t<\/a>\n","protected":false},"excerpt":{"rendered":"<p>OUR MOTO Reaching the NationsRescuing SoulsReviving Lives ENVIRONMENT A Multicultural environment where people of all races and gender are welcomed and loved. OUR BELIEF We believe\u00a0in God the father, his Son Jesus Christ, the holy spirit and salvation through Jesus &hellip; <a href=\"http:\/\/www.therevivedapostolicmission.org\/wpsite\/\">Continued<\/a><\/p>\n","protected":false},"author":1,"featured_media":0,"parent":0,"menu_order":0,"comment_status":"closed","ping_status":"closed","template":"","meta":{"kt_blocks_editor_width":""},"_links":{"self":[{"href":"http:\/\/www.therevivedapostolicmission.org\/wpsite\/wp-json\/wp\/v2\/pages\/156"}],"collection":[{"href":"http:\/\/www.therevivedapostolicmission.org\/wpsite\/wp-json\/wp\/v2\/pages"}],"about":[{"href":"http:\/\/www.therevivedapostolicmission.org\/wpsite\/wp-json\/wp\/v2\/types\/page"}],"author":[{"embeddable":true,"href":"http:\/\/www.therevivedapostolicmission.org\/wpsite\/wp-json\/wp\/v2\/users\/1"}],"replies":[{"embeddable":true,"href":"http:\/\/www.therevivedapostolicmission.org\/wpsite\/wp-json\/wp\/v2\/comments?post=156"}],"version-history":[{"count":23,"href":"http:\/\/www.therevivedapostolicmission.org\/wpsite\/wp-json\/wp\/v2\/pages\/156\/revisions"}],"predecessor-version":[{"id":623,"href":"http:\/\/www.therevivedapostolicmission.org\/wpsite\/wp-json\/wp\/v2\/pages\/156\/revisions\/623"}],"wp:attachment":[{"href":"http:\/\/www.therevivedapostolicmission.org\/wpsite\/wp-json\/wp\/v2\/media?parent=156"}],"curies":[{"name":"wp","href":"https:\/\/api.w.org\/{rel}","templated":true}]}}